{"id":2,"date":"2023-11-18T19:20:46","date_gmt":"2023-11-18T19:20:46","guid":{"rendered":"http:\/\/juncorp.mx\/?page_id=2"},"modified":"2025-02-26T11:15:34","modified_gmt":"2025-02-26T17:15:34","slug":"pagina-ejemplo","status":"publish","type":"page","link":"https:\/\/juncorp.mx\/","title":{"rendered":"El\u00ed Sandoval Mart\u00ednez"},"content":{"rendered":"\n<p><strong>Experiencia Profesional:<\/strong><\/p>\n\n\n\n<blockquote class=\"wp-block-quote is-layout-flow wp-block-quote-is-layout-flow\">\n<p>Servidor P\u00fablico<\/p>\n\n\n\n<ul class=\"wp-block-list\">\n<li>Titular de la Unidad de Planeaci\u00f3n y Presupuesto de la Secretar\u00eda de Fomento y Desarrollo Econ\u00f3mico del Estado de Guerrero. 2023 &#8211; Actualidad<\/li>\n<\/ul>\n<\/blockquote>\n\n\n\n<blockquote class=\"wp-block-quote is-layout-flow wp-block-quote-is-layout-flow\">\n<p>Consultor Tecnol\u00f3gico, Marketing y Productor Audio Visual<\/p>\n\n\n\n<ul class=\"wp-block-list\">\n<li>Productor Audio Visual en procesos de Nuevo Ingreso, Residencias Profesionales, Oferta educativa, Clausuras, Titulaciones y Jornadas Tecnol\u00f3gicas del TecNM campus Chilpancingo<\/li>\n\n\n\n<li>Marketing Manager en Campa\u00f1a del Ing. Leopoldo Soberanis por la Presidencia Municipal de Tecpan de Galeana &#8211; 2015<\/li>\n\n\n\n<li>Social Media Marketing Manager en el Latin American Model United Nations de la Universidad de las Am\u00e9ricas Puebla &#8211; 2013 &#8211; 2014<\/li>\n<\/ul>\n<\/blockquote>\n\n\n\n<blockquote class=\"wp-block-quote is-layout-flow wp-block-quote-is-layout-flow\">\n<p>Administrador<\/p>\n\n\n\n<ul class=\"wp-block-list\">\n<li>Google Suite for Education en el TecNM campus Chilpancingo &#8211; 2016 &#8211; 2017<\/li>\n\n\n\n<li>Director del Comit\u00e9 de Planeaci\u00f3n para el Desarrollo del Municipio en Tecpan de Galeana &#8211; 2015 &#8211; 2016<\/li>\n\n\n\n<li>Google Work Space en H.A. San Jose Chiapa 2014 &#8211; 2018<\/li>\n\n\n\n<li>Google Work Space en Publicaciones El Faro S.A. de C.V. 2012 &#8211; Actualidad<\/li>\n\n\n\n<li>Distribuidor Autorizado de Google Work Space 2014 &#8211; Actualidad<\/li>\n<\/ul>\n<\/blockquote>\n\n\n\n<blockquote class=\"wp-block-quote is-layout-flow wp-block-quote-is-layout-flow\">\n<p>Manejo de personal<\/p>\n\n\n\n<ul class=\"wp-block-list\">\n<li>Manejo de personal sindicalizado y de confianza<\/li>\n\n\n\n<li>Coordinador de Carreras en el TecNM campus Chilpancingo atendiendo a m\u00e1s de 2000 estudiantes por semestre &#8211; 2017 &#8211; 2023<\/li>\n\n\n\n<li>Coordinador del Departamento de Grupos Vulnerables en el H.A. de Cuautlancingo, Puebla,<br>Trabajando con personal sindicalizado &#8211; 2011 &#8211; 2012<\/li>\n\n\n\n<li>Jefe de Infracciones en el Complejo de Seguridad P\u00fablica del Municipio de Cuautlancingo, Puebla, Coordinando personal de vialidad &#8211; 2012 &#8211; 2015<\/li>\n<\/ul>\n<\/blockquote>\n\n\n\n<blockquote class=\"wp-block-quote is-layout-flow wp-block-quote-is-layout-flow\">\n<p>Docente<\/p>\n\n\n\n<ul class=\"wp-block-list\">\n<li>TecNM Campus Chilpancingo\n<ul class=\"wp-block-list\">\n<li>Plan de estudios de Ingenier\u00eda en Sistemas Computacionales &#8211; 2019\n<ul class=\"wp-block-list\">\n<li>Fundamentos de programaci\u00f3n, Desarrollo de aplicaciones web y Taller de computo m\u00f3vil<\/li>\n<\/ul>\n<\/li>\n\n\n\n<li>Plan de estudios de Ingenier\u00eda en Gesti\u00f3n &#8211; 2022\n<ul class=\"wp-block-list\">\n<li>Innovaci\u00f3n Organizacional<\/li>\n<\/ul>\n<\/li>\n<\/ul>\n<\/li>\n\n\n\n<li>Auditor\u00eda Superior de Estado de Guerrero\n<ul class=\"wp-block-list\">\n<li>4 Cursos de capacitaci\u00f3n de Paqueter\u00eda Microsoft Office &#8211; 2018, 2021, 2022<\/li>\n<\/ul>\n<\/li>\n<\/ul>\n<\/blockquote>\n\n\n\n<blockquote class=\"wp-block-quote is-layout-flow wp-block-quote-is-layout-flow\">\n<p>Desarrollador<\/p>\n\n\n\n<ul class=\"wp-block-list\">\n<li>Sistema de Control Escolar del TecNM campus Chilpancingo &#8211; 2018 &#8211; 2023<\/li>\n\n\n\n<li>Sitio Web Museo Interactivo La Avispa &#8211; 2019 &#8211; 2022<\/li>\n\n\n\n<li>Sitio Web Sind. de Trabajadores Acad\u00e9micos de la Universidad Aut\u00f3noma de Guerrero &#8211; 2017 &#8211; 2019<\/li>\n\n\n\n<li>Sitio Web Ventaja Muscular &#8211; 2014 &#8211; 2019<\/li>\n\n\n\n<li>Sitio Web H.A. San Jos\u00e9 Chiapa &#8211; 2014 &#8211; 2018<\/li>\n\n\n\n<li>Sitio Web Caf\u00e9 San Lorenzo &#8211; 2014 &#8211; 2023<\/li>\n\n\n\n<li>Sitio Web H.A. Cuautlancingo, Puebla &#8211; 2013 &#8211; 2014<\/li>\n\n\n\n<li>Sitio Web Publicaciones El Faro S.A. de C.V. &#8211; 2012 &#8211; Actualidad<\/li>\n\n\n\n<li>Reseller de Hosting y Dominio del 2011 a la Actualidad<\/li>\n<\/ul>\n<\/blockquote>\n\n\n\n<blockquote class=\"wp-block-quote is-layout-flow wp-block-quote-is-layout-flow\">\n<p>Desarrollo personal<\/p>\n\n\n\n<ul class=\"wp-block-list\">\n<li>Socio Rotario 2014 &#8211; 2015<\/li>\n\n\n\n<li>Presidente de la Conferencia Nacional de Rotaract &#8211; 2012<\/li>\n\n\n\n<li>Asesor y Orador de la Conferencia Rotaria Distrital 4150 &#8211; 2012<\/li>\n\n\n\n<li>Representante Distrital de Rotaract 4180 &#8211; 2009 &#8211; 2010<\/li>\n\n\n\n<li>Presidente de 3 Conferencias Distritales &#8211; 2008, 2009 y 2010<\/li>\n\n\n\n<li>Presidente del Club Rotaract de Chilpancingo 2006 &#8211; 2008<\/li>\n<\/ul>\n<\/blockquote>\n","protected":false},"excerpt":{"rendered":"<p>Experiencia Profesional:<\/p>\n","protected":false},"author":1,"featured_media":0,"parent":0,"menu_order":0,"comment_status":"closed","ping_status":"open","template":"","meta":{"footnotes":""},"class_list":["post-2","page","type-page","status-publish"],"aioseo_notices":[],"_links":{"self":[{"href":"https:\/\/juncorp.mx\/index.php?rest_route=\/wp\/v2\/pages\/2","targetHints":{"allow":["GET"]}}],"collection":[{"href":"https:\/\/juncorp.mx\/index.php?rest_route=\/wp\/v2\/pages"}],"about":[{"href":"https:\/\/juncorp.mx\/index.php?rest_route=\/wp\/v2\/types\/page"}],"author":[{"embeddable":true,"href":"https:\/\/juncorp.mx\/index.php?rest_route=\/wp\/v2\/users\/1"}],"replies":[{"embeddable":true,"href":"https:\/\/juncorp.mx\/index.php?rest_route=%2Fwp%2Fv2%2Fcomments&post=2"}],"version-history":[{"count":5,"href":"https:\/\/juncorp.mx\/index.php?rest_route=\/wp\/v2\/pages\/2\/revisions"}],"predecessor-version":[{"id":20,"href":"https:\/\/juncorp.mx\/index.php?rest_route=\/wp\/v2\/pages\/2\/revisions\/20"}],"wp:attachment":[{"href":"https:\/\/juncorp.mx\/index.php?rest_route=%2Fwp%2Fv2%2Fmedia&parent=2"}],"curies":[{"name":"wp","href":"https:\/\/api.w.org\/{rel}","templated":true}]}}